{"id":730,"date":"2018-04-10T16:53:03","date_gmt":"2018-04-10T15:53:03","guid":{"rendered":"http:\/\/efperitaciones.com\/?page_id=730"},"modified":"2018-04-11T11:35:39","modified_gmt":"2018-04-11T10:35:39","slug":"presentacio","status":"publish","type":"page","link":"https:\/\/efperitaciones.com\/ca\/presentacio\/","title":{"rendered":"Presentaci\u00f3"},"content":{"rendered":"<p>[vc_row rt_row_background_width=&#8221;fullwidth&#8221; rt_row_content_width=&#8221;default&#8221; rt_row_style=&#8221;default-style&#8221; rt_row_height=&#8221;&#8221; rt_column_gaps=&#8221;&#8221; rt_row_shadows=&#8221;&#8221; rt_row_borders=&#8221;&#8221; rt_bg_effect=&#8221;classic&#8221; rt_bg_image_repeat=&#8221;repeat&#8221; rt_bg_size=&#8221;cover&#8221; rt_bg_position=&#8221;right top&#8221; rt_bg_attachment=&#8221;scroll&#8221; rt_bg_layer=&#8221;&#8221; rt_bg_video_format=&#8221;self-hosted&#8221; rt_row_paddings=&#8221;true&#8221; rt_bg_color=&#8221;rgba(245,245,245,0.94)&#8221; rt_bg_overlay_color=&#8221;rgba(245,245,245,0.9)&#8221; rt_bg_video_mp4=&#8221;http:\/\/doctorfernandezginecologo.es\/wp-content\/uploads\/2016\/07\/dna-background-video.mp4&#8243;][vc_column rt_bg_effect=&#8221;classic&#8221; rt_bg_image_repeat=&#8221;repeat&#8221; rt_bg_size=&#8221;auto auto&#8221; rt_bg_position=&#8221;right top&#8221; rt_bg_attachment=&#8221;scroll&#8221;][vc_empty_space][vc_row_inner rt_row_background_width=&#8221;fullwidth&#8221; rt_row_content_width=&#8221;default&#8221; rt_row_style=&#8221;global-style&#8221; rt_row_height=&#8221;&#8221; rt_column_gaps=&#8221;&#8221; rt_row_borders=&#8221;&#8221; rt_bg_effect=&#8221;classic&#8221; rt_bg_image_repeat=&#8221;repeat&#8221; rt_bg_size=&#8221;cover&#8221; rt_bg_position=&#8221;right top&#8221; rt_bg_attachment=&#8221;scroll&#8221; rt_bg_layer=&#8221;&#8221; rt_bg_video_format=&#8221;self-hosted&#8221;][vc_column_inner width=&#8221;1\/3&#8243; rt_bg_effect=&#8221;classic&#8221; rt_bg_image_repeat=&#8221;repeat&#8221; rt_bg_size=&#8221;auto auto&#8221; rt_bg_position=&#8221;right top&#8221; rt_bg_attachment=&#8221;scroll&#8221; rt_class=&#8221;rt-4356685&#8243; rt_margins=&#8221;,&#8221; rt_paddings=&#8221;,,,&#8221; rt_wrapper_paddings=&#8221;,,,&#8221; rt_tablet_margins=&#8221;,&#8221; rt_tablet_paddings=&#8221;,,,&#8221; rt_tablet_wrapper_paddings=&#8221;,,,&#8221; rt_sp_margins=&#8221;,&#8221; rt_sp_paddings=&#8221;,,,&#8221; rt_sp_wrapper_paddings=&#8221;,,,&#8221; rt_bg_color=&#8221;&#8221; rt_bg_overlay_color=&#8221;&#8221;]<div class=\"rt-heading-wrapper text-left rt-1672450\">\n\t\t\t\t\t\t<span class=\"punchline\" style=\"color:#9a040f;\">METGE FORENSE<\/span><h1 class=\"rt-heading with_punchline\" >ESTEBAN FERN\u00c1NDEZ<\/h1>\n\t\t\t\t\t<\/div>[vc_single_image image=&#8221;77&#8243; img_size=&#8221;full&#8221; alignment=&#8221;center&#8221;][vc_column_text]<\/p>\n<h2 style=\"font-size: 26px;\"><em><span style=\"color: #808080; font-size: 18pt;\">Peritatge i assessorament forense<\/span><\/em><\/h2>\n<p>17 anys d\u2019experi\u00e8ncia com a professional de la medicina forense p\u00fablica que inclou tot tipus d\u2019intervencions en els diferents \u00e0mbits del dret (penal, civil, social, contenci\u00f3s administratiu).[\/vc_column_text][\/vc_column_inner][vc_column_inner width=&#8221;2\/3&#8243; rt_border_top=&#8221;true&#8221; rt_border_bottom=&#8221;true&#8221; rt_border_left=&#8221;true&#8221; rt_border_right=&#8221;true&#8221; rt_bg_effect=&#8221;classic&#8221; rt_bg_image_repeat=&#8221;repeat&#8221; rt_bg_size=&#8221;auto auto&#8221; rt_bg_position=&#8221;right top&#8221; rt_bg_attachment=&#8221;scroll&#8221; rt_bg_color=&#8221;#ffffff&#8221; rt_bg_overlay_color=&#8221;&#8221; rt_class=&#8221;rt-9143104&#8243; rt_margins=&#8221;,&#8221; rt_paddings=&#8221;,,,&#8221; rt_wrapper_paddings=&#8221;,,,&#8221; rt_tablet_margins=&#8221;,&#8221; rt_tablet_paddings=&#8221;,,,&#8221; rt_tablet_wrapper_paddings=&#8221;,,,&#8221; rt_sp_margins=&#8221;,&#8221; rt_sp_paddings=&#8221;,,,&#8221; rt_sp_wrapper_paddings=&#8221;,,,&#8221;][vc_empty_space]<div class=\"rt-heading-wrapper rt-1105449\">\n\t\t\t\t\t\t<h2 class=\"rt-heading\" ><span class=\"icon-basic-book heading_icon\"><\/span>DADES CURRICULARS<\/h2>\n\t\t\t\t\t<\/div>[vc_separator style=&#8221;style-1&#8243; color_type=&#8221;custom&#8221; rt_class=&#8221;rt-8532403&#8243; margins=&#8221;0px,,,&#8221; color=&#8221;#9a040f&#8221;][vc_column_text css=&#8221;.vc_custom_1523436511499{padding-right: 45px !important;padding-left: 45px !important;}&#8221;]Llicenciat en Medicina i Cirurgia per la UAB<br \/>\nEspecialista en Medicina de l\u2019Educaci\u00f3 F\u00edsica i l\u2019Esport<\/p>\n<h3>Formaci\u00f3 complement\u00e0ria<\/h3>\n<ul>\n<li>Valoraci\u00f3 del Dany Corporal i Praxis m\u00e8dica (M\u00e0ster en Medicina Evaluadora per la UAB<\/li>\n<li>Psiquiatria (Especialista Universitari en Psiquiatria Forense per la UNED)<\/li>\n<li>Laboral (M\u00e0ster en Prevenci\u00f3 de Riscos Laborals per la UOC)<\/li>\n<\/ul>\n<h3>Cursos realitzats<\/h3>\n<ul>\n<li>Vestigis criminals en l\u2019examen postmortem.<\/li>\n<li>Assist\u00e8ncia medicoforense al detingut en cas de malaltia o situaci\u00f3 d\u2019urg\u00e8ncia (Centre d\u2019Estudis Jur\u00eddics i Formaci\u00f3 Especialitzada).<\/li>\n<li>Determinaci\u00f3 forense de l\u2019edat en menors indocumentats (Departamento de Justicia del Gobierno Vasco).<\/li>\n<li>Psic\u00f2pates: perfil, criminopatologia i intervenci\u00f3 (Comisi\u00f3n de Formaci\u00f3n Continuada del Sistema Nacional de Salud).<\/li>\n<li>Fotografia forense d\u2019urg\u00e8ncia (Centre d\u2019Estudis Jur\u00eddics i Formaci\u00f3 Especialitzada).<\/li>\n<li>Valoraci\u00f3 medicoforense de les lesions de la columna vertebral d\u2019urg\u00e8ncia (Centre d\u2019Estudis Jur\u00eddics i Formaci\u00f3 Especialitzada).<\/li>\n<\/ul>\n<p>[\/vc_column_text][vc_empty_space]<div class=\"rt-heading-wrapper rt-4641722\">\n\t\t\t\t\t\t<h2 class=\"rt-heading\" ><span class=\"icon-chart-line heading_icon\"><\/span>EXPERI\u00c8NCIA PROFESSIONAL<\/h2>\n\t\t\t\t\t<\/div>[vc_separator style=&#8221;style-1&#8243; color_type=&#8221;custom&#8221; rt_class=&#8221;rt-8532403&#8243; margins=&#8221;0px,,,&#8221; color=&#8221;#9a040f&#8221;][vc_column_text css=&#8221;.vc_custom_1523436621554{padding-right: 45px !important;padding-left: 45px !important;}&#8221;]<\/p>\n<ul>\n<li>Metge forense de l\u2019Institut de Medicina Legal i Ci\u00e8ncies Forenses de Catalunya (IMLCFC) des de l\u2019any 2000 fins el 2017, als partits judicials de Valls i Reus, prov\u00edncia de Tarragona.<\/li>\n<li>Col\u00b7laborador extern com a metge forense en INTERcids, assessorament medicolegal i peritatge de casos de viol\u00e8ncia dom\u00e8stica o de g\u00e8nere a trav\u00e9s de la viol\u00e8ncia contra els animals.<\/li>\n<li>P\u00e8rit m\u00e8dic privat des del mes de mar\u00e7 del 2017, formant part del grup \u201cRECLAMA: reclamaci\u00f3 de danys corporals\u201d.<\/li>\n<li>Metge de l\u2019esport del primer equip del Club Gimn\u00e0stic de Tarragona 2014-2015.<\/li>\n<li>Metge de l\u2019Esport dels Castellers de Vilafranca.<\/li>\n<\/ul>\n<p>[\/vc_column_text][vc_empty_space][\/vc_column_inner][\/vc_row_inner][\/vc_column][\/vc_row][vc_row rt_row_background_width=&#8221;fullwidth&#8221; rt_row_content_width=&#8221;default&#8221; rt_row_style=&#8221;default-style&#8221; rt_row_height=&#8221;&#8221; rt_column_gaps=&#8221;&#8221; rt_row_shadows=&#8221;&#8221; rt_row_borders=&#8221;&#8221; rt_bg_effect=&#8221;classic&#8221; rt_bg_image_repeat=&#8221;repeat&#8221; rt_bg_size=&#8221;cover&#8221; rt_bg_position=&#8221;right top&#8221; rt_bg_attachment=&#8221;scroll&#8221; rt_bg_layer=&#8221;&#8221; rt_bg_video_format=&#8221;self-hosted&#8221;][vc_column rt_bg_effect=&#8221;classic&#8221; rt_bg_image_repeat=&#8221;repeat&#8221; rt_bg_size=&#8221;auto auto&#8221; rt_bg_position=&#8221;right top&#8221; rt_bg_attachment=&#8221;scroll&#8221;][vc_row_inner rt_row_background_width=&#8221;fullwidth&#8221; rt_row_content_width=&#8221;default&#8221; rt_row_style=&#8221;global-style&#8221; rt_row_height=&#8221;&#8221; rt_column_gaps=&#8221;&#8221; rt_row_borders=&#8221;&#8221; rt_bg_effect=&#8221;classic&#8221; rt_bg_image_repeat=&#8221;repeat&#8221; rt_bg_size=&#8221;cover&#8221; rt_bg_position=&#8221;right top&#8221; rt_bg_attachment=&#8221;scroll&#8221; rt_bg_layer=&#8221;&#8221; rt_bg_video_format=&#8221;self-hosted&#8221;][vc_column_inner width=&#8221;1\/3&#8243; rt_bg_effect=&#8221;classic&#8221; rt_bg_image_repeat=&#8221;repeat&#8221; rt_bg_size=&#8221;auto auto&#8221; rt_bg_position=&#8221;right top&#8221; rt_bg_attachment=&#8221;scroll&#8221;][vc_empty_space height=&#8221;16px&#8221;][vc_separator style=&#8221;style-1&#8243; color_type=&#8221;custom&#8221; rt_class=&#8221;rt-2305148&#8243; color=&#8221;#9a040f&#8221; margins=&#8221;,,,&#8221;][vc_empty_space height=&#8221;16px&#8221;][\/vc_column_inner][vc_column_inner width=&#8221;1\/3&#8243; rt_bg_effect=&#8221;classic&#8221; rt_bg_image_repeat=&#8221;repeat&#8221; rt_bg_size=&#8221;auto auto&#8221; rt_bg_position=&#8221;right top&#8221; rt_bg_attachment=&#8221;scroll&#8221;][vc_empty_space height=&#8221;16px&#8221;]<div class=\"rt-heading-wrapper text-center rt-8784789\">\n\t\t\t\t\t\t<h2 class=\"rt-heading\" >METODOLOGIA DE TREBALL<\/h2>\n\t\t\t\t\t<\/div>[vc_empty_space height=&#8221;16px&#8221;][\/vc_column_inner][vc_column_inner width=&#8221;1\/3&#8243; rt_bg_effect=&#8221;classic&#8221; rt_bg_image_repeat=&#8221;repeat&#8221; rt_bg_size=&#8221;auto auto&#8221; rt_bg_position=&#8221;right top&#8221; rt_bg_attachment=&#8221;scroll&#8221;][vc_empty_space height=&#8221;16px&#8221;][vc_separator style=&#8221;style-1&#8243; color_type=&#8221;custom&#8221; rt_class=&#8221;rt-2305148&#8243; color=&#8221;#9a040f&#8221; margins=&#8221;,,,&#8221;][vc_empty_space height=&#8221;16px&#8221;][\/vc_column_inner][\/vc_row_inner][vc_row_inner rt_row_background_width=&#8221;fullwidth&#8221; rt_row_content_width=&#8221;default&#8221; rt_row_style=&#8221;global-style&#8221; rt_row_height=&#8221;&#8221; rt_column_gaps=&#8221;&#8221; rt_row_borders=&#8221;&#8221; rt_bg_effect=&#8221;classic&#8221; rt_bg_image_repeat=&#8221;repeat&#8221; rt_bg_size=&#8221;cover&#8221; rt_bg_position=&#8221;right top&#8221; rt_bg_attachment=&#8221;scroll&#8221; rt_bg_layer=&#8221;&#8221; rt_bg_video_format=&#8221;self-hosted&#8221;][vc_column_inner width=&#8221;1\/3&#8243; rt_bg_effect=&#8221;classic&#8221; rt_bg_image_repeat=&#8221;repeat&#8221; rt_bg_size=&#8221;auto auto&#8221; rt_bg_position=&#8221;right top&#8221; rt_bg_attachment=&#8221;scroll&#8221;]<div class=\"rt-heading-wrapper text-center mobile-text-center rt-7335170\">\n\t\t\t\t\t\t<h3 class=\"rt-heading\" >Punts clau<\/h3>\n\t\t\t\t\t<\/div>[vc_empty_space][vc_column_text]<\/p>\n<ul style=\"list-style-type: disc;\">\n<li><strong>Professionalitat<\/strong>.<\/li>\n<li><strong>Objectivitat<\/strong>.<\/li>\n<li><strong>Imparcialitat<\/strong>.<\/li>\n<li><strong>Rigor<\/strong>.<\/li>\n<li><strong>M\u00e0xima responsabilitat<\/strong>.<\/li>\n<li><strong>Dilig\u00e8ncia<\/strong>.<\/li>\n<\/ul>\n<p>[\/vc_column_text][\/vc_column_inner][vc_column_inner width=&#8221;1\/3&#8243; rt_bg_effect=&#8221;classic&#8221; rt_bg_image_repeat=&#8221;repeat&#8221; rt_bg_size=&#8221;auto auto&#8221; rt_bg_position=&#8221;right top&#8221; rt_bg_attachment=&#8221;scroll&#8221;]<div class=\"rt-heading-wrapper text-center rt-6479475\">\n\t\t\t\t\t\t<h3 class=\"rt-heading\" >Atenci\u00f3 personalitzada<\/h3>\n\t\t\t\t\t<\/div>[vc_empty_space][vc_column_text]Tracte <strong>Amable<\/strong>, <strong>Personal<\/strong> i <strong>Directe<\/strong> amb el client i els seus representants.[\/vc_column_text][\/vc_column_inner][vc_column_inner width=&#8221;1\/3&#8243; rt_bg_effect=&#8221;classic&#8221; rt_bg_image_repeat=&#8221;repeat&#8221; rt_bg_size=&#8221;auto auto&#8221; rt_bg_position=&#8221;right top&#8221; rt_bg_attachment=&#8221;scroll&#8221;]<div class=\"rt-heading-wrapper text-center rt-2131659\">\n\t\t\t\t\t\t<h3 class=\"rt-heading\" >Regla de les 3 \u201cC\u201d<\/h3>\n\t\t\t\t\t<\/div>[vc_empty_space][vc_column_text]Tot informe pericial s\u2019ha de basar en la norma de les 3 \u201cC\u201d, \u00e9s a dir, ha de ser <strong>Clar<\/strong>, <strong>Concret<\/strong> i <strong>Conc\u00eds<\/strong>, al que afegir\u00edem que ha de ser intel\u00b7ligible (comprensible) i ajustat a la capacitat de con\u00e8ixer i comprendre de la persona al es dirigeix.[\/vc_column_text][\/vc_column_inner][\/vc_row_inner][vc_empty_space][\/vc_column][\/vc_row][vc_row rt_row_background_width=&#8221;fullwidth&#8221; rt_row_content_width=&#8221;fullwidth&#8221; rt_row_style=&#8221;default-style&#8221; rt_row_height=&#8221;min_height&#8221; rt_holder_placement=&#8221;middle&#8221; rt_column_gaps=&#8221;&#8221; rt_row_shadows=&#8221;&#8221; rt_row_borders=&#8221;&#8221; rt_bg_effect=&#8221;classic&#8221; rt_bg_image_repeat=&#8221;repeat&#8221; rt_bg_size=&#8221;cover&#8221; rt_bg_position=&#8221;center center&#8221; rt_bg_attachment=&#8221;scroll&#8221; rt_bg_layer=&#8221;&#8221; rt_bg_video_format=&#8221;self-hosted&#8221; rt_class=&#8221;rt-7927015&#8243; rt_min_row_height=&#8221;250px&#8221; rt_paddings=&#8221;,,,&#8221; rt_margins=&#8221;,,,&#8221; rt_content_margins=&#8221;,,,&#8221; rt_tablet_paddings=&#8221;,,,&#8221; rt_tablet_margins=&#8221;,,,&#8221; rt_tablet_content_margins=&#8221;,,,&#8221; rt_sp_paddings=&#8221;,,,&#8221; rt_sp_margins=&#8221;,,,&#8221; rt_sp_content_margins=&#8221;,,,&#8221; rt_bg_image=&#8221;410&#8243;][vc_column width=&#8221;1\/2&#8243; rt_bg_effect=&#8221;classic&#8221; rt_bg_image_repeat=&#8221;repeat&#8221; rt_bg_size=&#8221;auto auto&#8221; rt_bg_position=&#8221;right top&#8221; rt_bg_attachment=&#8221;scroll&#8221;]<div class=\"button_wrapper  aligncenter\"><a href=\"\/ca\/contacte\/\" target=\"_self\" title=\"CONTACTE\" class=\"button_  custom big rt-5373710\"><span><span>CONTACTE<\/span><\/span><\/a><\/div>[\/vc_column][vc_column width=&#8221;1\/2&#8243; rt_bg_effect=&#8221;classic&#8221; rt_bg_image_repeat=&#8221;repeat&#8221; rt_bg_size=&#8221;auto auto&#8221; rt_bg_position=&#8221;right top&#8221; rt_bg_attachment=&#8221;scroll&#8221;][\/vc_column][\/vc_row]<\/p>\n","protected":false},"excerpt":{"rendered":"<p>[vc_row rt_row_background_width=&#8221;fullwidth&#8221; rt_row_content_width=&#8221;default&#8221; rt_row_style=&#8221;default-style&#8221; rt_row_height=&#8221;&#8221; rt_column_gaps=&#8221;&#8221; rt_row_shadows=&#8221;&#8221; rt_row_borders=&#8221;&#8221; rt_bg_effect=&#8221;classic&#8221; rt_bg_image_repeat=&#8221;repeat&#8221; rt_bg_size=&#8221;cover&#8221; rt_bg_position=&#8221;right top&#8221; rt_bg_attachment=&#8221;scroll&#8221; rt_bg_layer=&#8221;&#8221; rt_bg_video_format=&#8221;self-hosted&#8221; rt_row_paddings=&#8221;true&#8221; rt_bg_color=&#8221;rgba(245,245,245,0.94)&#8221; rt_bg_overlay_color=&#8221;rgba(245,245,245,0.9)&#8221; rt_bg_video_mp4=&#8221;http:\/\/doctorfernandezginecologo.es\/wp-content\/uploads\/2016\/07\/dna-background-video.mp4&#8243;][vc_column rt_bg_effect=&#8221;classic&#8221; rt_bg_image_repeat=&#8221;repeat&#8221; rt_bg_size=&#8221;auto auto&#8221; rt_bg_position=&#8221;right top&#8221; rt_bg_attachment=&#8221;scroll&#8221;][vc_empty_space][vc_row_inner rt_row_background_width=&#8221;fullwidth&#8221; rt_row_content_width=&#8221;default&#8221; rt_row_style=&#8221;global-style&#8221; rt_row_height=&#8221;&#8221; rt_column_gaps=&#8221;&#8221; rt_row_borders=&#8221;&#8221; rt_bg_effect=&#8221;classic&#8221; rt_bg_image_repeat=&#8221;repeat&#8221; rt_bg_size=&#8221;cover&#8221; rt_bg_position=&#8221;right top&#8221; rt_bg_attachment=&#8221;scroll&#8221; rt_bg_layer=&#8221;&#8221; rt_bg_video_format=&#8221;self-hosted&#8221;][vc_column_inner width=&#8221;1\/3&#8243; rt_bg_effect=&#8221;classic&#8221; rt_bg_image_repeat=&#8221;repeat&#8221; rt_bg_size=&#8221;auto auto&#8221; rt_bg_position=&#8221;right top&#8221; rt_bg_attachment=&#8221;scroll&#8221; rt_class=&#8221;rt-4356685&#8243; rt_margins=&#8221;,&#8221; rt_paddings=&#8221;,,,&#8221; rt_wrapper_paddings=&#8221;,,,&#8221; rt_tablet_margins=&#8221;,&#8221; rt_tablet_paddings=&#8221;,,,&#8221; [&hellip;]<\/p>\n","protected":false},"author":1,"featured_media":0,"parent":0,"menu_order":20,"comment_status":"closed","ping_status":"closed","template":"","meta":{"footnotes":""},"class_list":["post-730","page","type-page","status-publish","hentry"],"aioseo_notices":[],"_links":{"self":[{"href":"https:\/\/efperitaciones.com\/ca\/wp-json\/wp\/v2\/pages\/730","targetHints":{"allow":["GET"]}}],"collection":[{"href":"https:\/\/efperitaciones.com\/ca\/wp-json\/wp\/v2\/pages"}],"about":[{"href":"https:\/\/efperitaciones.com\/ca\/wp-json\/wp\/v2\/types\/page"}],"author":[{"embeddable":true,"href":"https:\/\/efperitaciones.com\/ca\/wp-json\/wp\/v2\/users\/1"}],"replies":[{"embeddable":true,"href":"https:\/\/efperitaciones.com\/ca\/wp-json\/wp\/v2\/comments?post=730"}],"version-history":[{"count":0,"href":"https:\/\/efperitaciones.com\/ca\/wp-json\/wp\/v2\/pages\/730\/revisions"}],"wp:attachment":[{"href":"https:\/\/efperitaciones.com\/ca\/wp-json\/wp\/v2\/media?parent=730"}],"curies":[{"name":"wp","href":"https:\/\/api.w.org\/{rel}","templated":true}]}}