{"id":736,"date":"2018-04-10T16:55:54","date_gmt":"2018-04-10T15:55:54","guid":{"rendered":"http:\/\/efperitaciones.com\/?page_id=736"},"modified":"2018-04-11T11:50:51","modified_gmt":"2018-04-11T10:50:51","slug":"serveis","status":"publish","type":"page","link":"https:\/\/efperitaciones.com\/ca\/serveis\/","title":{"rendered":"Serveis"},"content":{"rendered":"<p>[vc_row rt_row_background_width=&#8221;fullwidth&#8221; rt_row_content_width=&#8221;fullwidth&#8221; rt_row_style=&#8221;default-style&#8221; rt_row_height=&#8221;&#8221; rt_column_gaps=&#8221;&#8221; rt_row_shadows=&#8221;&#8221; rt_row_borders=&#8221;&#8221; rt_bg_effect=&#8221;classic&#8221; rt_bg_image_repeat=&#8221;repeat&#8221; rt_bg_size=&#8221;cover&#8221; rt_bg_position=&#8221;right top&#8221; rt_bg_attachment=&#8221;scroll&#8221; rt_bg_layer=&#8221;&#8221; rt_bg_video_format=&#8221;self-hosted&#8221; rt_class=&#8221;rt-9828036&#8243; rt_paddings=&#8221;0,0,,&#8221; rt_margins=&#8221;,,,&#8221; rt_content_margins=&#8221;,,,&#8221; rt_tablet_paddings=&#8221;,,,&#8221; rt_tablet_margins=&#8221;,,,&#8221; rt_tablet_content_margins=&#8221;,,,&#8221; rt_sp_paddings=&#8221;,,,&#8221; rt_sp_margins=&#8221;,,,&#8221; rt_sp_content_margins=&#8221;,,,&#8221;][vc_column rt_bg_effect=&#8221;classic&#8221; rt_bg_image_repeat=&#8221;repeat&#8221; rt_bg_size=&#8221;auto auto&#8221; rt_bg_position=&#8221;right top&#8221; rt_bg_attachment=&#8221;scroll&#8221; rt_class=&#8221;rt-5944882&#8243; rt_margins=&#8221;,&#8221; rt_paddings=&#8221;,,0,0&#8243; rt_wrapper_paddings=&#8221;,,,&#8221; rt_tablet_margins=&#8221;,&#8221; rt_tablet_paddings=&#8221;,,,&#8221; rt_tablet_wrapper_paddings=&#8221;,,,&#8221; rt_sp_margins=&#8221;,&#8221; rt_sp_paddings=&#8221;,,,&#8221; rt_sp_wrapper_paddings=&#8221;,,,&#8221; rt_bg_color=&#8221;&#8221; rt_bg_overlay_color=&#8221;&#8221;][rev_slider_vc alias=&#8221;servicios-cat&#8221;][\/vc_column][\/vc_row][vc_row rt_row_background_width=&#8221;fullwidth&#8221; rt_row_content_width=&#8221;default&#8221; rt_row_style=&#8221;default-style&#8221; rt_row_height=&#8221;&#8221; rt_column_gaps=&#8221;&#8221; rt_row_shadows=&#8221;&#8221; rt_row_borders=&#8221;&#8221; rt_bg_effect=&#8221;classic&#8221; rt_bg_image_repeat=&#8221;repeat&#8221; rt_bg_size=&#8221;cover&#8221; rt_bg_position=&#8221;right top&#8221; rt_bg_attachment=&#8221;scroll&#8221; rt_bg_layer=&#8221;&#8221; rt_bg_video_format=&#8221;self-hosted&#8221; rt_class=&#8221;rt-4319307&#8243; rt_paddings=&#8221;,,,&#8221; rt_margins=&#8221;,,,&#8221; rt_content_margins=&#8221;,,,&#8221; rt_tablet_paddings=&#8221;,,,&#8221; rt_tablet_margins=&#8221;,,,&#8221; rt_tablet_content_margins=&#8221;,,,&#8221; rt_sp_paddings=&#8221;,,,&#8221; rt_sp_margins=&#8221;,,,&#8221; rt_sp_content_margins=&#8221;,,,&#8221;][vc_column rt_bg_effect=&#8221;classic&#8221; rt_bg_image_repeat=&#8221;repeat&#8221; rt_bg_size=&#8221;auto auto&#8221; rt_bg_position=&#8221;right top&#8221; rt_bg_attachment=&#8221;scroll&#8221;][vc_empty_space height=&#8221;16px&#8221;]<div class=\"rt-heading-wrapper text-center rt-7540761\">\n\t\t\t\t\t\t<span class=\"punchline\" style=\"color:#9a040f;\">ESTEBAN FERN\u00c1NDEZ - Metge Forense<\/span><h1 class=\"rt-heading with_punchline\" >SERVEIS<\/h1>\n\t\t\t\t\t<\/div>[\/vc_column][\/vc_row][vc_row rt_row_background_width=&#8221;fullwidth&#8221; rt_row_content_width=&#8221;default&#8221; rt_row_style=&#8221;default-style&#8221; rt_row_height=&#8221;&#8221; rt_column_gaps=&#8221;&#8221; rt_row_shadows=&#8221;&#8221; rt_row_borders=&#8221;&#8221; rt_bg_effect=&#8221;classic&#8221; rt_bg_image_repeat=&#8221;repeat&#8221; rt_bg_size=&#8221;cover&#8221; rt_bg_position=&#8221;right top&#8221; rt_bg_attachment=&#8221;scroll&#8221; rt_bg_layer=&#8221;&#8221; rt_bg_video_format=&#8221;self-hosted&#8221; rt_class=&#8221;rt-2820426&#8243; rt_paddings=&#8221;,,,&#8221; rt_margins=&#8221;,,,&#8221; rt_content_margins=&#8221;,,,&#8221; rt_tablet_paddings=&#8221;,,,&#8221; rt_tablet_margins=&#8221;,,,&#8221; rt_tablet_content_margins=&#8221;,,,&#8221; rt_sp_paddings=&#8221;,,,&#8221; rt_sp_margins=&#8221;,,,&#8221; rt_sp_content_margins=&#8221;,,,&#8221;][vc_column width=&#8221;1\/2&#8243; rt_bg_effect=&#8221;classic&#8221; rt_bg_image_repeat=&#8221;repeat&#8221; rt_bg_size=&#8221;auto auto&#8221; rt_bg_position=&#8221;right top&#8221; rt_bg_attachment=&#8221;scroll&#8221;]<div class=\"rt-heading-wrapper style-3 rt-8867184\">\n\t\t\t\t\t\t<h2 class=\"rt-heading style-3\" >Per a professionals<\/h2>\n\t\t\t\t\t<\/div>[vc_column_text]Servei per a professionals de l\u2019advocacia en representaci\u00f3 dels seus clients, per poder presentar informes pericials als Jutjats, Tribunals i\/o Companyies Asseguradores.[\/vc_column_text][\/vc_column][vc_column width=&#8221;1\/2&#8243; rt_bg_effect=&#8221;classic&#8221; rt_bg_image_repeat=&#8221;repeat&#8221; rt_bg_size=&#8221;auto auto&#8221; rt_bg_position=&#8221;right top&#8221; rt_bg_attachment=&#8221;scroll&#8221;]<div class=\"rt-heading-wrapper style-3 rt-5705695\">\n\t\t\t\t\t\t<h2 class=\"rt-heading style-3\" >Per a particulars<\/h2>\n\t\t\t\t\t<\/div>[vc_column_text]Servei per a particulars que precisin l\u2019elaboraci\u00f3 d\u2019un informe m\u00e8dic pericial en relaci\u00f3 a aquells assumptes judicials o extrajudicials.[\/vc_column_text][\/vc_column][\/vc_row][vc_row rt_row_background_width=&#8221;fullwidth&#8221; rt_row_content_width=&#8221;default&#8221; rt_row_style=&#8221;default-style&#8221; rt_row_height=&#8221;&#8221; rt_column_gaps=&#8221;&#8221; rt_row_shadows=&#8221;&#8221; rt_row_borders=&#8221;&#8221; rt_bg_effect=&#8221;classic&#8221; rt_bg_image_repeat=&#8221;repeat&#8221; rt_bg_size=&#8221;cover&#8221; rt_bg_position=&#8221;right top&#8221; rt_bg_attachment=&#8221;scroll&#8221; rt_bg_layer=&#8221;&#8221; rt_bg_video_format=&#8221;self-hosted&#8221; rt_class=&#8221;rt-8762069&#8243; rt_paddings=&#8221;,0,,&#8221; rt_margins=&#8221;,,,&#8221; rt_content_margins=&#8221;,,,&#8221; rt_tablet_paddings=&#8221;,,,&#8221; rt_tablet_margins=&#8221;,,,&#8221; rt_tablet_content_margins=&#8221;,,,&#8221; rt_sp_paddings=&#8221;,,,&#8221; rt_sp_margins=&#8221;,,,&#8221; rt_sp_content_margins=&#8221;,,,&#8221;][vc_column rt_bg_effect=&#8221;classic&#8221; rt_bg_image_repeat=&#8221;repeat&#8221; rt_bg_size=&#8221;auto auto&#8221; rt_bg_position=&#8221;right top&#8221; rt_bg_attachment=&#8221;scroll&#8221;][vc_separator style=&#8221;style-1&#8243; color_type=&#8221;custom&#8221; rt_class=&#8221;rt-6693372&#8243; color=&#8221;#9a040f&#8221; margins=&#8221;,,,&#8221;][\/vc_column][\/vc_row][vc_row rt_row_background_width=&#8221;fullwidth&#8221; rt_row_content_width=&#8221;default&#8221; rt_row_style=&#8221;default-style&#8221; rt_row_height=&#8221;&#8221; rt_column_gaps=&#8221;&#8221; rt_row_shadows=&#8221;&#8221; rt_row_borders=&#8221;&#8221; rt_bg_effect=&#8221;classic&#8221; rt_bg_image_repeat=&#8221;repeat&#8221; rt_bg_size=&#8221;cover&#8221; rt_bg_position=&#8221;right top&#8221; rt_bg_attachment=&#8221;scroll&#8221; rt_bg_layer=&#8221;&#8221; rt_bg_video_format=&#8221;self-hosted&#8221; rt_class=&#8221;rt-1342192&#8243; rt_paddings=&#8221;0,,,&#8221; rt_margins=&#8221;,,0,0&#8243; rt_content_margins=&#8221;,,,&#8221; rt_tablet_paddings=&#8221;,,,&#8221; rt_tablet_margins=&#8221;,,,&#8221; rt_tablet_content_margins=&#8221;,,,&#8221; rt_sp_paddings=&#8221;,,,&#8221; rt_sp_margins=&#8221;,,,&#8221; rt_sp_content_margins=&#8221;,,,&#8221;][vc_column width=&#8221;1\/3&#8243; rt_bg_effect=&#8221;classic&#8221; rt_bg_image_repeat=&#8221;repeat&#8221; rt_bg_size=&#8221;auto auto&#8221; rt_bg_position=&#8221;right top&#8221; rt_bg_attachment=&#8221;scroll&#8221;]<div class=\"rt-heading-wrapper text-center rt-9668252\">\n\t\t\t\t\t\t<h2 class=\"rt-heading\" >Assessorament Legal<\/h2>\n\t\t\t\t\t<\/div>[\/vc_column][vc_column width=&#8221;2\/3&#8243; rt_bg_effect=&#8221;classic&#8221; rt_bg_image_repeat=&#8221;repeat&#8221; rt_bg_size=&#8221;auto auto&#8221; rt_bg_position=&#8221;right top&#8221; rt_bg_attachment=&#8221;scroll&#8221;][vc_column_text]Orientaci\u00f3 dels casos des del punt de vista medicolegal tant per a lletrats com per a particulars. Ajuda en la presa de decisions respecte al cas judicial, com afrontar-lo des del punt de vista forense i qu\u00e8 o com sol\u00b7licitar-lo. Valoraci\u00f3 de la documentaci\u00f3 m\u00e8dica necess\u00e0ria per cada tipus de cas, o decidir quin tipus de proves s\u00f3n necess\u00e0ries.[\/vc_column_text]<div class=\"rt-heading-wrapper text-left rt-5477697\">\n\t\t\t\t\t\t<h3 class=\"rt-heading\" >Serveis<\/h3>\n\t\t\t\t\t<\/div>[vc_column_text]\t \n\t\t<div  class=\"bullet-list style-3  check\">\n\t\t<ul>\n<li>Ampli coneixement de la medicina legal i forense i de la toxicologia.<\/li>\n<li>Coneixement del funcionament de Jutjats i Tribunals.<\/li>\n<li>Sol\u00b7licituds de proves.<\/li>\n<li>Estudi de com encarar el cas des de la medicina forense.<\/li>\n<\/ul>\n\n\t\t<\/div>\n\t[\/vc_column_text]<div class=\"rt-heading-wrapper text-left rt-4047454\">\n\t\t\t\t\t\t<h3 class=\"rt-heading\" >Notes del professional<\/h3>\n\t\t\t\t\t<\/div>[vc_column_text]La medicina no \u00e9s una ci\u00e8ncia exacta i \u00e9s complexa, aix\u00ed que cada detall compta, cada diagn\u00f2stic, exploraci\u00f3 complement\u00e0ria, tractament o valoraci\u00f3 pot afectar al resultat final, i \u00e9s per aquest motiu que considero fonamental la tasca de l\u2019assessorament per poder afrontar els casos amb les m\u00e0ximes garanties d\u2019\u00e8xit.[\/vc_column_text][\/vc_column][\/vc_row][vc_row rt_row_background_width=&#8221;fullwidth&#8221; rt_row_content_width=&#8221;default&#8221; rt_row_style=&#8221;default-style&#8221; rt_row_height=&#8221;&#8221; rt_column_gaps=&#8221;&#8221; rt_row_shadows=&#8221;&#8221; rt_row_borders=&#8221;&#8221; rt_bg_effect=&#8221;classic&#8221; rt_bg_image_repeat=&#8221;repeat&#8221; rt_bg_size=&#8221;cover&#8221; rt_bg_position=&#8221;right top&#8221; rt_bg_attachment=&#8221;scroll&#8221; rt_bg_layer=&#8221;&#8221; rt_bg_video_format=&#8221;self-hosted&#8221; rt_class=&#8221;rt-2635354&#8243; rt_paddings=&#8221;,0,,&#8221; rt_margins=&#8221;,,,&#8221; rt_content_margins=&#8221;,,,&#8221; rt_tablet_paddings=&#8221;,,,&#8221; rt_tablet_margins=&#8221;,,,&#8221; rt_tablet_content_margins=&#8221;,,,&#8221; rt_sp_paddings=&#8221;,,,&#8221; rt_sp_margins=&#8221;,,,&#8221; rt_sp_content_margins=&#8221;,,,&#8221;][vc_column rt_bg_effect=&#8221;classic&#8221; rt_bg_image_repeat=&#8221;repeat&#8221; rt_bg_size=&#8221;auto auto&#8221; rt_bg_position=&#8221;right top&#8221; rt_bg_attachment=&#8221;scroll&#8221;][vc_separator style=&#8221;style-1&#8243; color_type=&#8221;custom&#8221; rt_class=&#8221;rt-6693372&#8243; color=&#8221;#9a040f&#8221; margins=&#8221;,,,&#8221;][\/vc_column][\/vc_row][vc_row rt_row_background_width=&#8221;fullwidth&#8221; rt_row_content_width=&#8221;default&#8221; rt_row_style=&#8221;default-style&#8221; rt_row_height=&#8221;&#8221; rt_column_gaps=&#8221;&#8221; rt_row_shadows=&#8221;&#8221; rt_row_borders=&#8221;&#8221; rt_bg_effect=&#8221;classic&#8221; rt_bg_image_repeat=&#8221;repeat&#8221; rt_bg_size=&#8221;cover&#8221; rt_bg_position=&#8221;right top&#8221; rt_bg_attachment=&#8221;scroll&#8221; rt_bg_layer=&#8221;&#8221; rt_bg_video_format=&#8221;self-hosted&#8221; rt_class=&#8221;rt-5040776&#8243; rt_paddings=&#8221;0,,,&#8221; rt_margins=&#8221;,,,&#8221; rt_content_margins=&#8221;,,,&#8221; rt_tablet_paddings=&#8221;,,,&#8221; rt_tablet_margins=&#8221;,,,&#8221; rt_tablet_content_margins=&#8221;,,,&#8221; rt_sp_paddings=&#8221;,,,&#8221; rt_sp_margins=&#8221;,,,&#8221; rt_sp_content_margins=&#8221;,,,&#8221;][vc_column width=&#8221;1\/3&#8243; rt_bg_effect=&#8221;classic&#8221; rt_bg_image_repeat=&#8221;repeat&#8221; rt_bg_size=&#8221;auto auto&#8221; rt_bg_position=&#8221;right top&#8221; rt_bg_attachment=&#8221;scroll&#8221;]<div class=\"rt-heading-wrapper text-center rt-1490806\">\n\t\t\t\t\t\t<h2 class=\"rt-heading\" >Peritatge medicolegal<\/h2>\n\t\t\t\t\t<\/div>[\/vc_column][vc_column width=&#8221;2\/3&#8243; rt_bg_effect=&#8221;classic&#8221; rt_bg_image_repeat=&#8221;repeat&#8221; rt_bg_size=&#8221;auto auto&#8221; rt_bg_position=&#8221;right top&#8221; rt_bg_attachment=&#8221;scroll&#8221;][vc_column_text]Realitzaci\u00f3 d\u2019informes m\u00e8dics pericials de tots els \u00e0mbits medicolegals i de tot tipus de q\u00fcestions, amb assist\u00e8ncia a judici oral en cas que sigui necessari.[\/vc_column_text]<div class=\"rt-heading-wrapper text-left rt-6332873\">\n\t\t\t\t\t\t<h3 class=\"rt-heading\" >Serveis<\/h3>\n\t\t\t\t\t<\/div>[vc_column_text]\t \n\t\t<div  class=\"bullet-list style-3  check\">\n\t\t<ul>\n<li>Peritatge m\u00e8dic de tot tipus de casos.<\/li>\n<li>Assist\u00e8ncia a judicis orals o per videoconfer\u00e8ncia a tot l\u2019Estat.<\/li>\n<\/ul>\n\n\t\t<\/div>\n\t[\/vc_column_text]<div class=\"rt-heading-wrapper text-left rt-2043097\">\n\t\t\t\t\t\t<h3 class=\"rt-heading\" >Metodologia<\/h3>\n\t\t\t\t\t<\/div>[vc_column_text]Els informes pericials no han de ser tesis doctorals, ni han d\u2019incloure un llenguatge excessivament t\u00e8cnic que no sigui comprensible per persones alienes en la mat\u00e8ria, ja que precisament la funci\u00f3 del p\u00e8rit m\u00e8dic es aportar informaci\u00f3 a totes aquelles persones que no s\u00f3n professionals de la medicina, i que precisen de l\u2019informe per entendre tots aquells aspectes m\u00e8dics que no estan al seu abast.[\/vc_column_text]<div class=\"rt-heading-wrapper text-left rt-2790982\">\n\t\t\t\t\t\t<h3 class=\"rt-heading\" >Experi\u00e8ncia<\/h3>\n\t\t\t\t\t<\/div>[vc_column_text]Experi\u00e8ncia acumulada tant en la realitzaci\u00f3 dels informes com especialment en el funcionament de l\u2019Administraci\u00f3 de Just\u00edcia i l\u2019assist\u00e8ncia als judicis orals. Saber qu\u00e8, quan i com abans d\u2019encarar un cas, i saber expressar tot all\u00f2 relacionat amb el mateix durant el judici \u00e9s determinant per l\u2019\u00e8xit o el frac\u00e0s del procediment.[\/vc_column_text]<div class=\"rt-heading-wrapper text-left rt-8303025\">\n\t\t\t\t\t\t<h3 class=\"rt-heading\" >Categories<\/h3>\n\t\t\t\t\t<\/div>[vc_column_text]\t \n\t\t<div  class=\"bullet-list style-3  check\">\n\t\t<ul>\n<li>Valoraci\u00f3 del Dany corporal: establir les lesions, el mecanisme de producci\u00f3 i la relaci\u00f3 de causalitat segons criteris medicolegals, valoraci\u00f3 dels diferents tractaments, exist\u00e8ncia de seq\u00fceles i quantificaci\u00f3 dels diferents aspectes m\u00e8dics (dies de perjudici, seq\u00fceles, perjudicis particulars i perjudici patrimonial com el dany emergent i el lucre cessant) recollits en els barems de lesiones, amb especial refer\u00e8ncia al barem d\u2019accidents de tr\u00e0nsit de la Llei 35\/2015.<\/li>\n<li>Pericials toxicol\u00f2giques: valoracions sobre la influencia de les drogues en les capacitats de l\u2019individu, influencia sobre la conducci\u00f3 de vehicles, respostes conductuals, afectaci\u00f3 o no de les funcions ps\u00edquiques.<\/li>\n<li>Pericials psiqui\u00e0triques: determinaci\u00f3 de les capacitats intel\u2022lectives, cognitives i volitives dels pacients psiqui\u00e0trics o en casos de trastorns relacionats amb les subst\u00e0ncies i trastorns d\u2019addicci\u00f3, valoraci\u00f3 de la imputabilitat, determinaci\u00f3 de la capacitat legal o informes d\u2019incapacitaci\u00f3 legal per trastorn o malaltia mental.<\/li>\n<li>Pericials relacionades amb Viol\u00e8ncia de G\u00e8nere o en l\u2019\u00c0mbit de la fam\u00edlia: valoraci\u00f3 de lesions tant f\u00edsiques com ps\u00edquiques, valoraci\u00f3 de v\u00edctimes (dona, home, nens, familiars), valoracions de necessitats m\u00e8diques, de tractaments, de patologies i de les conseq\u00fc\u00e8ncies de les mateixes en progenitors i en els nens.<\/li>\n<li>Pericials sobre praxis m\u00e8dica: reclamacions per neglig\u00e8ncia m\u00e8dica, mal praxis o actuacions m\u00e8diques.<\/li>\n<li>Pericials relacionades amb l\u2019\u00e0mbit Laboral: informes sobre capacitat laboral, impugnacions d\u2019alta m\u00e8dica, determinaci\u00f3 de conting\u00e8ncia que origina incapacitat temporal, determinaci\u00f3 del grau d\u2019incapacitat laboral (parcial, total, absoluta o gran invalidesa).<\/li>\n<li>Determinaci\u00f3 del percentatge de discapacitat: imprescindible en reclamacions contra resolucions de la Seguretat Social sobre el % de discapacitat o minusv\u00e0lua, quan el percentatge atorgat no es correspon amb la realitat o en els casos en que l\u2019interessar no estigui conforme amb la valoraci\u00f3 per part de l\u2019Institut Nacional de la Seguretat Social.<\/li>\n<\/ul>\n\n\t\t<\/div>\n\t[\/vc_column_text]<div class=\"rt-heading-wrapper text-left rt-4284063\">\n\t\t\t\t\t\t<h3 class=\"rt-heading\" >Nota del professional<\/h3>\n\t\t\t\t\t<\/div>[vc_column_text]Un bon informe pericial (objectiu, professional, cient\u00edfic) i la seva exposici\u00f3 posterior, defensa o il\u2022lustraci\u00f3 en el judici oral s\u00f3n la base de l\u2019\u00e8xit en el peritatge forense. \u00c9s tant important el contingut de l\u2019informe i el seu rigor com la capacitat del p\u00e8rit per exposar-lo, ser rebatut, i argumentar-lo davant d\u2019un Jutge, un Fiscal o dels lletrats o altres p\u00e8rits.[\/vc_column_text][\/vc_column][\/vc_row][vc_row rt_row_background_width=&#8221;fullwidth&#8221; rt_row_content_width=&#8221;default&#8221; rt_row_style=&#8221;default-style&#8221; rt_row_height=&#8221;&#8221; rt_column_gaps=&#8221;&#8221; rt_row_shadows=&#8221;&#8221; rt_row_borders=&#8221;&#8221; rt_bg_effect=&#8221;classic&#8221; rt_bg_image_repeat=&#8221;repeat&#8221; rt_bg_size=&#8221;cover&#8221; rt_bg_position=&#8221;right top&#8221; rt_bg_attachment=&#8221;scroll&#8221; rt_bg_layer=&#8221;&#8221; rt_bg_video_format=&#8221;self-hosted&#8221; rt_class=&#8221;rt-7010342&#8243; rt_paddings=&#8221;,0,,&#8221; rt_margins=&#8221;,,,&#8221; rt_content_margins=&#8221;,,,&#8221; rt_tablet_paddings=&#8221;,,,&#8221; rt_tablet_margins=&#8221;,,,&#8221; rt_tablet_content_margins=&#8221;,,,&#8221; rt_sp_paddings=&#8221;,,,&#8221; rt_sp_margins=&#8221;,,,&#8221; rt_sp_content_margins=&#8221;,,,&#8221;][vc_column rt_bg_effect=&#8221;classic&#8221; rt_bg_image_repeat=&#8221;repeat&#8221; rt_bg_size=&#8221;auto auto&#8221; rt_bg_position=&#8221;right top&#8221; rt_bg_attachment=&#8221;scroll&#8221;][vc_separator style=&#8221;style-1&#8243; color_type=&#8221;custom&#8221; rt_class=&#8221;rt-6693372&#8243; color=&#8221;#9a040f&#8221; margins=&#8221;,,,&#8221;][\/vc_column][\/vc_row][vc_row rt_row_background_width=&#8221;fullwidth&#8221; rt_row_content_width=&#8221;default&#8221; rt_row_style=&#8221;default-style&#8221; rt_row_height=&#8221;&#8221; rt_column_gaps=&#8221;&#8221; rt_row_shadows=&#8221;&#8221; rt_row_borders=&#8221;&#8221; rt_bg_effect=&#8221;classic&#8221; rt_bg_image_repeat=&#8221;repeat&#8221; rt_bg_size=&#8221;cover&#8221; rt_bg_position=&#8221;right top&#8221; rt_bg_attachment=&#8221;scroll&#8221; rt_bg_layer=&#8221;&#8221; rt_bg_video_format=&#8221;self-hosted&#8221; rt_class=&#8221;rt-6500955&#8243; rt_paddings=&#8221;0,,,&#8221; rt_margins=&#8221;,,,&#8221; rt_content_margins=&#8221;,,,&#8221; rt_tablet_paddings=&#8221;,,,&#8221; rt_tablet_margins=&#8221;,,,&#8221; rt_tablet_content_margins=&#8221;,,,&#8221; rt_sp_paddings=&#8221;,,,&#8221; rt_sp_margins=&#8221;,,,&#8221; rt_sp_content_margins=&#8221;,,,&#8221;][vc_column width=&#8221;1\/3&#8243; rt_bg_effect=&#8221;classic&#8221; rt_bg_image_repeat=&#8221;repeat&#8221; rt_bg_size=&#8221;auto auto&#8221; rt_bg_position=&#8221;right top&#8221; rt_bg_attachment=&#8221;scroll&#8221;]<div class=\"rt-heading-wrapper text-center rt-1591781\">\n\t\t\t\t\t\t<h2 class=\"rt-heading\" >Servei de gu\u00e0rdia<\/h2>\n\t\t\t\t\t<\/div>[\/vc_column][vc_column width=&#8221;2\/3&#8243; rt_bg_effect=&#8221;classic&#8221; rt_bg_image_repeat=&#8221;repeat&#8221; rt_bg_size=&#8221;auto auto&#8221; rt_bg_position=&#8221;right top&#8221; rt_bg_attachment=&#8221;scroll&#8221;][vc_column_text]L\u2019assessorament \u00e9s freq\u00fcentment decisiu en els assumptes de gu\u00e0rdia, especialment en els detinguts, ja que \u00e9s en aquell moment de la detenci\u00f3 quan s\u2019ha de saber qu\u00e8 fer i qu\u00e8 demanar.[\/vc_column_text]<div class=\"rt-heading-wrapper text-left rt-3157146\">\n\t\t\t\t\t\t<h3 class=\"rt-heading\" >Serveis<\/h3>\n\t\t\t\t\t<\/div>[vc_column_text]\t \n\t\t<div  class=\"bullet-list style-3  check\">\n\t\t<ul>\n<li>Documents a presentar.<\/li>\n<li>Sol\u00b7licitud d\u2019exploracions forenses.<\/li>\n<li>Recollida de mostres o sol\u00b7licitud de proves toxicol\u00f2giques durant les primeres hores de la detenci\u00f3.<\/li>\n<\/ul>\n\n\t\t<\/div>\n\t[\/vc_column_text][\/vc_column][\/vc_row][vc_row rt_row_background_width=&#8221;fullwidth&#8221; rt_row_content_width=&#8221;default&#8221; rt_row_style=&#8221;default-style&#8221; rt_row_height=&#8221;&#8221; rt_column_gaps=&#8221;&#8221; rt_row_shadows=&#8221;&#8221; rt_row_borders=&#8221;&#8221; rt_bg_effect=&#8221;classic&#8221; rt_bg_image_repeat=&#8221;repeat&#8221; rt_bg_size=&#8221;cover&#8221; rt_bg_position=&#8221;right top&#8221; rt_bg_attachment=&#8221;scroll&#8221; rt_bg_layer=&#8221;&#8221; rt_bg_video_format=&#8221;self-hosted&#8221;][vc_column rt_bg_effect=&#8221;classic&#8221; rt_bg_image_repeat=&#8221;repeat&#8221; rt_bg_size=&#8221;auto auto&#8221; rt_bg_position=&#8221;right top&#8221; rt_bg_attachment=&#8221;scroll&#8221;][vc_empty_space height=&#8221;16px&#8221;][\/vc_column][\/vc_row][vc_row rt_row_background_width=&#8221;fullwidth&#8221; rt_row_content_width=&#8221;fullwidth&#8221; rt_row_style=&#8221;default-style&#8221; rt_row_height=&#8221;min_height&#8221; rt_holder_placement=&#8221;middle&#8221; rt_column_gaps=&#8221;&#8221; rt_row_shadows=&#8221;&#8221; rt_row_borders=&#8221;&#8221; rt_bg_effect=&#8221;classic&#8221; rt_bg_image_repeat=&#8221;repeat&#8221; rt_bg_size=&#8221;cover&#8221; rt_bg_position=&#8221;center center&#8221; rt_bg_attachment=&#8221;scroll&#8221; rt_bg_layer=&#8221;&#8221; rt_bg_video_format=&#8221;self-hosted&#8221; rt_class=&#8221;rt-7927015&#8243; rt_min_row_height=&#8221;250px&#8221; rt_paddings=&#8221;,,,&#8221; rt_margins=&#8221;,,,&#8221; rt_content_margins=&#8221;,,,&#8221; rt_tablet_paddings=&#8221;,,,&#8221; rt_tablet_margins=&#8221;,,,&#8221; rt_tablet_content_margins=&#8221;,,,&#8221; rt_sp_paddings=&#8221;,,,&#8221; rt_sp_margins=&#8221;,,,&#8221; rt_sp_content_margins=&#8221;,,,&#8221; rt_bg_image=&#8221;410&#8243;][vc_column width=&#8221;1\/2&#8243; rt_bg_effect=&#8221;classic&#8221; rt_bg_image_repeat=&#8221;repeat&#8221; rt_bg_size=&#8221;auto auto&#8221; rt_bg_position=&#8221;right top&#8221; rt_bg_attachment=&#8221;scroll&#8221;]<div class=\"button_wrapper  aligncenter\"><a href=\"\/ca\/contacte\/\" target=\"_self\" title=\"CONTACTE\" class=\"button_  custom big rt-6284533\"><span><span>CONTACTE<\/span><\/span><\/a><\/div>[\/vc_column][vc_column width=&#8221;1\/2&#8243; rt_bg_effect=&#8221;classic&#8221; rt_bg_image_repeat=&#8221;repeat&#8221; rt_bg_size=&#8221;auto auto&#8221; rt_bg_position=&#8221;right top&#8221; rt_bg_attachment=&#8221;scroll&#8221;][\/vc_column][\/vc_row]<\/p>\n","protected":false},"excerpt":{"rendered":"<p>[vc_row rt_row_background_width=&#8221;fullwidth&#8221; rt_row_content_width=&#8221;fullwidth&#8221; rt_row_style=&#8221;default-style&#8221; rt_row_height=&#8221;&#8221; rt_column_gaps=&#8221;&#8221; rt_row_shadows=&#8221;&#8221; rt_row_borders=&#8221;&#8221; rt_bg_effect=&#8221;classic&#8221; rt_bg_image_repeat=&#8221;repeat&#8221; rt_bg_size=&#8221;cover&#8221; rt_bg_position=&#8221;right top&#8221; rt_bg_attachment=&#8221;scroll&#8221; rt_bg_layer=&#8221;&#8221; rt_bg_video_format=&#8221;self-hosted&#8221; rt_class=&#8221;rt-9828036&#8243; rt_paddings=&#8221;0,0,,&#8221; rt_margins=&#8221;,,,&#8221; rt_content_margins=&#8221;,,,&#8221; rt_tablet_paddings=&#8221;,,,&#8221; rt_tablet_margins=&#8221;,,,&#8221; rt_tablet_content_margins=&#8221;,,,&#8221; rt_sp_paddings=&#8221;,,,&#8221; rt_sp_margins=&#8221;,,,&#8221; rt_sp_content_margins=&#8221;,,,&#8221;][vc_column rt_bg_effect=&#8221;classic&#8221; rt_bg_image_repeat=&#8221;repeat&#8221; rt_bg_size=&#8221;auto auto&#8221; rt_bg_position=&#8221;right top&#8221; rt_bg_attachment=&#8221;scroll&#8221; rt_class=&#8221;rt-5944882&#8243; rt_margins=&#8221;,&#8221; rt_paddings=&#8221;,,0,0&#8243; rt_wrapper_paddings=&#8221;,,,&#8221; rt_tablet_margins=&#8221;,&#8221; rt_tablet_paddings=&#8221;,,,&#8221; rt_tablet_wrapper_paddings=&#8221;,,,&#8221; rt_sp_margins=&#8221;,&#8221; rt_sp_paddings=&#8221;,,,&#8221; rt_sp_wrapper_paddings=&#8221;,,,&#8221; rt_bg_color=&#8221;&#8221; rt_bg_overlay_color=&#8221;&#8221;][rev_slider_vc alias=&#8221;servicios-cat&#8221;][\/vc_column][\/vc_row][vc_row rt_row_background_width=&#8221;fullwidth&#8221; rt_row_content_width=&#8221;default&#8221; rt_row_style=&#8221;default-style&#8221; rt_row_height=&#8221;&#8221; rt_column_gaps=&#8221;&#8221; rt_row_shadows=&#8221;&#8221; rt_row_borders=&#8221;&#8221; rt_bg_effect=&#8221;classic&#8221; rt_bg_image_repeat=&#8221;repeat&#8221; [&hellip;]<\/p>\n","protected":false},"author":1,"featured_media":0,"parent":0,"menu_order":40,"comment_status":"closed","ping_status":"closed","template":"","meta":{"footnotes":""},"class_list":["post-736","page","type-page","status-publish","hentry"],"aioseo_notices":[],"_links":{"self":[{"href":"https:\/\/efperitaciones.com\/ca\/wp-json\/wp\/v2\/pages\/736","targetHints":{"allow":["GET"]}}],"collection":[{"href":"https:\/\/efperitaciones.com\/ca\/wp-json\/wp\/v2\/pages"}],"about":[{"href":"https:\/\/efperitaciones.com\/ca\/wp-json\/wp\/v2\/types\/page"}],"author":[{"embeddable":true,"href":"https:\/\/efperitaciones.com\/ca\/wp-json\/wp\/v2\/users\/1"}],"replies":[{"embeddable":true,"href":"https:\/\/efperitaciones.com\/ca\/wp-json\/wp\/v2\/comments?post=736"}],"version-history":[{"count":0,"href":"https:\/\/efperitaciones.com\/ca\/wp-json\/wp\/v2\/pages\/736\/revisions"}],"wp:attachment":[{"href":"https:\/\/efperitaciones.com\/ca\/wp-json\/wp\/v2\/media?parent=736"}],"curies":[{"name":"wp","href":"https:\/\/api.w.org\/{rel}","templated":true}]}}